{"id":1791,"date":"2020-07-12T18:19:59","date_gmt":"2020-07-12T16:19:59","guid":{"rendered":"https:\/\/www.adriaresort.it\/informationen-covid-19\/"},"modified":"2021-05-14T12:03:36","modified_gmt":"2021-05-14T10:03:36","slug":"informationen-covid-19","status":"publish","type":"page","link":"https:\/\/www.adriaresort.it\/de\/informationen-covid-19\/","title":{"rendered":"Informationen COVID 19"},"content":{"rendered":"\n<p>Wir lieben unsere Arbeit und unsere italienische Gastfreundschaft in jeder Form, und wir danken Medici, Krankenpfleger und Katastrophenschutz wollen den COVID 19 mit erhobenen Fahnen weiter bek\u00e4mpfen.<br\/>Wir haben keine Angst und deshalb lesen Sie bitte vor der Buchung.<br\/><br\/>L&#8217;Hotel Adria &amp; Resort f\u00fcr sichere Ferien und Kundenschutz, W\u00e4hrend des Aufenthalts auf unserem wundersch\u00f6nen Gardasee hat er sich entschieden, das Protokoll <strong>&#8222;Hotel Sicuro Unopuntozero&#8220;<\/strong> umzusetzen. <br\/>Ein strenges Protokoll mit neuen Regeln f\u00fcr Ihren Aufenthalt, das Ihnen mit etwas Engagement auch von Ihrer Seite einen unbeschwerten Urlaub erm\u00f6glicht.<br\/><br\/><strong><strong>&#8222;Hotel Sicuro Unopuntozero&#8220;<\/strong><\/strong><\/p>\n\n<ul><li><strong>Temperaturmessung:<\/strong> <strong>bei der Ankunft und vor jedem Fr\u00fchst\u00fcck<\/strong> wird Ihre K\u00f6rpertemperatur mit einem automatischen Thermo-Scanner gemessen. Um die Sicherheit aller zu gew\u00e4hrleisten, wird der Zugang zu den Einrichtungen nicht gestattet, wenn dieser h\u00f6her als 37,4\u00b0 ist.<\/li><li><strong>Fr\u00fchst\u00fcck:<\/strong> Sie werden von unseren Kellnern im Fr\u00fchst\u00fccksraum bedient und k\u00f6nnen sich dann mit einem Tablett zum Mitnehmen an Ihren Tisch setzen.<\/li><li><strong>Abendessen:<\/strong> es wird von unseren Kellnern im neuen Restaurant-Pizzeria-Bereich oder im Garten im Freien serviert. Das Men\u00fc ist a la carte.<\/li><li><strong>Romantisches Abendessen zum Mitnehmen:<\/strong> F\u00fcr Zimmer mit Balkon oder Terrasse k\u00f6nnen Sie unser Abendessen zum Mitnehmen in Anspruch nehmen. Die beste L\u00f6sung f\u00fcr diejenigen, die in Ruhe und Privatsph\u00e4re essen m\u00f6chten.<\/li><li><strong>Zimmer:<\/strong> werden bei jeder Abreise mit Ozon und spezifischen Produkten von hoher Qualit\u00e4t desinfiziert und desinfiziert, w\u00e4hrend jeden Tag die normale Reinigung des Zimmers immer mit hygienisierenden Produkten durchgef\u00fchrt wird. Der Wechsel der Handt\u00fccher erfolgt wie immer alle 3 Tage, aber wenn Sie einen t\u00e4glichen Wechsel ben\u00f6tigen, betr\u00e4gt der Zuschlag 5 \u20ac.<\/li><li><strong>Pool: <\/strong>Das Schwimmbad ist nutzbar \u2013 Es werden t\u00e4gliche Kontrollen gem\u00e4ss Gesundheitsrichtlinien durchgef\u00fchrt. Es k\u00f6nnte Beschr\u00e4nkungen in Bezug auf die \u00d6ffnungszeiten und die Art und Weise der Nutzung geben: Es gibt weder Liegest\u00fchle noch Liegebetten. Sie k\u00f6nnen die Umgebung des Pools nutzen, um ihre Strandt\u00fccher auszustellen.<\/li><li><strong>Aufzug:<\/strong> F\u00fcr den Aufstieg steht der Aufzug f\u00fcr jeweils eine Person zur Verf\u00fcgung, und wir empfehlen, wenn m\u00f6glich, die Treppe f\u00fcr den Abstieg zu benutzen, um Infektionsgefahren zu vermeiden.<\/li><li><strong>Masken:<\/strong> Die Verwendung der Maske ist innerhalb der Einrichtung in den Gemeinschaftsbereichen eindeutig vorgeschrieben.<\/li><\/ul>\n\n<p>Gem\u00e4\u00df den nationalen und lokalen Vorschriften k\u00f6nnen bestimmte Dienste vor\u00fcbergehend eingestellt oder eingeschr\u00e4nkt werden. <br\/><strong><br\/>Der Zugang zur Einrichtung ist nicht erlaubt, wenn dieses Protokoll nicht eingehalten wird und die Messung der K\u00f6rpertemperatur zus\u00e4tzlich zu den 37,4\u00b0 zu einer Aussetzung des Aufenthalts f\u00fchrt. <\/strong><\/p>\n\n<p><strong>Wir werden nie m\u00fcde werden, Italiener und stolz auf unser Land zu sein. Wir vertrauen auf Ihre Zusammenarbeit, um eine neue Ferienzeit zu beginnen. <\/strong><\/p>\n\n<p>Erminio Binda, <br\/>Hotel Adria &amp; Resort<\/p>\n","protected":false},"excerpt":{"rendered":"Wir lieben unsere Arbeit und unsere italienische Gastfreundschaft in jeder Form, und wir danken Medici, Krankenpfleger und Katastrophenschutz wollen den COVID 19 mit erhobenen Fahnen weiter bek\u00e4mpfen.Wir haben keine Angst und deshalb lesen Sie bitte vor der Buchung. L&#8217;Hotel Adria &amp; Resort f\u00fcr sichere Ferien und Kundenschutz, W\u00e4hrend des Aufenthalts auf unserem wundersch\u00f6nen Gardasee hat&#8230; <a class=\"view-article\" href=\"https:\/\/www.adriaresort.it\/de\/informationen-covid-19\/\">Artikel ansehen<\/a>","protected":false},"author":1,"featured_media":903,"parent":0,"menu_order":0,"comment_status":"closed","ping_status":"closed","template":"","meta":{"_acf_changed":false,"footnotes":""},"acf":[],"_links":{"self":[{"href":"https:\/\/www.adriaresort.it\/de\/wp-json\/wp\/v2\/pages\/1791"}],"collection":[{"href":"https:\/\/www.adriaresort.it\/de\/wp-json\/wp\/v2\/pages"}],"about":[{"href":"https:\/\/www.adriaresort.it\/de\/wp-json\/wp\/v2\/types\/page"}],"author":[{"embeddable":true,"href":"https:\/\/www.adriaresort.it\/de\/wp-json\/wp\/v2\/users\/1"}],"replies":[{"embeddable":true,"href":"https:\/\/www.adriaresort.it\/de\/wp-json\/wp\/v2\/comments?post=1791"}],"version-history":[{"count":28,"href":"https:\/\/www.adriaresort.it\/de\/wp-json\/wp\/v2\/pages\/1791\/revisions"}],"predecessor-version":[{"id":2151,"href":"https:\/\/www.adriaresort.it\/de\/wp-json\/wp\/v2\/pages\/1791\/revisions\/2151"}],"wp:featuredmedia":[{"embeddable":true,"href":"https:\/\/www.adriaresort.it\/de\/wp-json\/wp\/v2\/media\/903"}],"wp:attachment":[{"href":"https:\/\/www.adriaresort.it\/de\/wp-json\/wp\/v2\/media?parent=1791"}],"curies":[{"name":"wp","href":"https:\/\/api.w.org\/{rel}","templated":true}]}}