{"id":1768,"date":"2020-07-10T14:30:52","date_gmt":"2020-07-10T12:30:52","guid":{"rendered":"https:\/\/www.adriaresort.it\/unsere-geschichte\/"},"modified":"2020-07-10T14:30:52","modified_gmt":"2020-07-10T12:30:52","slug":"unsere-geschichte","status":"publish","type":"page","link":"https:\/\/www.adriaresort.it\/de\/unsere-geschichte\/","title":{"rendered":"Unsere Geschichte"},"content":{"rendered":"\n<p>Die Urspr\u00fcnge meiner Leidenschaft f\u00fcr dieses Handwerk.<\/p>\n\n<p>Diese Leidenschaft wurde geboren, seit ich ein Junge war, als meine Familie in Mailand im Garibaldi-Viertel ein Hotel hatte, das Piccadilly Hotel, ein einfaches Drei-Sterne-Hotel mit enormen Ausma\u00dfen (140 Zimmer) im Stadtzentrum.&#13;\nDie meisten Kunden werden sich an die Gebr\u00fcder Arrigo, Roberto und Vittorio Binda als Eigent\u00fcmer sowie an meinen lieben Freund, unseren Rag. Franco Fara, erinnern.&#13;\nDiese Jahre zwischen 1975 und 2001 zu beschreiben, ist eine m\u00fchsame Aufgabe, der vielleicht eines Tages ein Buch gewidmet wird.&#13;\nAls ich die Schule abgeschlossen hatte, sah ich aufgrund meiner Leidenschaft f\u00fcr Musik die M\u00f6glichkeit, die besten italienischen K\u00fcnstler ins Hotel zu holen und als Basis f\u00fcr die gr\u00f6\u00dften Shows zu dienen, die in meinem damals alten Mailand realisiert wurden.&#13;\nDie Stadt war damals lebendig, und es war Mailand, das Sie zum Tr\u00e4umen brachte.&#13;\nIn unserem Hotel beherbergten wir die gesamte anschlie\u00dfende Arbeit.&#13;\n&#13;\nDie Geschichte beginnt, als ein eleganter und kultivierter Mann (und ich schreibe den Namen mit Gef\u00fchl), Renzo Ramusani, ehemaliger Schneider gro\u00dfer Pariser Namen, nach mehreren Auftr\u00e4gen, unter anderem an der Rezeption des Hotels in der N\u00e4he des Ariston-Theaters in San Remo, als Nachtportier zu uns kommt.&#13;\nVon hier aus beginnt der Besuch unseres Hotels durch hochkar\u00e4tige Musiker seiner ehemaligen Kunden und Freunde.&#13;\n&#13;\nFabrizio De Andr\u00e8 er\u00f6ffnet die Liste und beginnt, seinen Kreis von Musikern und Mitarbeitern im Hotel vorzustellen, es war leicht, sie nachts im Gespr\u00e4ch mit dem alten Renzo zu finden.&#13;\nDie Liste der Veranstaltungen und Shows, bei denen das Hotel eine unglaubliche Arbeit geleistet hat, ist endlos, und die logistischen und operativen Schwierigkeiten waren beispiellos. Das Kommen und Gehen der K\u00fcnstler schuf Momente, die f\u00fcr viele von Ihnen, die jetzt lesen, unausl\u00f6schliche Erinnerungen sein werden.&#13;\n&#13;\nGiorgia sagte eines Abends im Emerald Theatre zu mir: &lt;&lt;Erminio, es tut mir leid, dass ich dich vorher nicht kannte, die italienische Musik hat viele Jahre in deinem Haus gelebt und ich war nicht da, ich war noch klein&gt;&gt;&gt;.&#13;\n&#13;\nDie gro\u00dfen Inszenierungen begannen 1982 in Zusammenarbeit mit dem Emerald Theatre durch den Freund von immer Paolo Duranti, beginnend mit &#8222;Jesus Christ Super Star&#8220; bis hin zu &#8222;Chorus Line&#8220; Inszenierungen des gro\u00dfen Wolfgang Bosch.&#13;\nDann geht es weiter mit &#8222;Brasil Tropical&#8220; in Tournee auf uns f\u00fcr 11 Jahre, mit der Produktion von Edvaldo Carneiro am Teatro Smeraldo und Teatro Nuovo mit &#8222;Amazonas&#8220; mit Welts\u00e4ngern wie Salom\u00e8 De Bahia und Watusi (dritter in Brasilien nach Toquigno und Gal Costa).&#13;\nEs folgen weitere Vorstellungen in der ganzen Stadt, zwischen Palatrussardi und anderen Theatern, Zeltauff\u00fchrungen von &#8222;Holiday on Ice&#8220; und dem &#8222;Chinesischen Zirkus&#8220;.&#13;\n&#13;\nDer Erfolg des Hotels bleibt immer mit der Familie De Andr\u00e8 verbunden, wo Fabrizio nach der Vereinigung mit Dori Ghezzi, aus der die neue Plattenfirma &#8222;Fado&#8220; hervorgegangen ist, beschlie\u00dft, das Hotel als Basis f\u00fcr seine Verpflichtungen zu nutzen. Zur gleichen Zeit entstand meine Freundschaft mit seinem Sohn Cristiano, der mit Carlo Facchini und zwei weiteren Freunden die Gruppe &#8222;Tempi Duri&#8220; gr\u00fcndet.&#13;\nDie Gruppe folgt Fabrizio De Andr\u00e8 und PFM auf Tournee durch ganz Italien (Arrangements von Mark Harris, 1982) und l\u00f6st sich 1985 auf. Cristiano setzt seine Reise allein fort und beginnt dann seine Zusammenarbeit mit Massimo Bubola, einem gro\u00dfen Mitarbeiter seines Vaters.&#13;\nDas Album &#8222;Chiamali tempi duri&#8220; wird im Aufnahmeraum &#8222;Il cortile&#8220; hinter dem Hotel in der Via Borsieri aufgenommen.&#13;\n&#13;\nDie Kundschaft w\u00e4chst schwindelerregend durch das Einf\u00fcgen neuer Charaktere, Produzenten der gr\u00f6\u00dften Shows jener Jahre:&#13;\nBruno Sconocchia, damals gro\u00dfer Zugpferd der Situation De Andr\u00e8, bringt uns prominente Namen wie Pepi Morgia.&#13;\nIn diesen Jahren gro\u00dfe Realit\u00e4ten wie die Doktorarbeit, die Bruno 1984 schuf, um unter anderem verschiedene K\u00fcnstler zu unterst\u00fctzen: Mia Martini, Ornella Vanoni, Gino Paoli, der Buh, Lucio Dalla, Cristiano De Andr\u00e8 und so beginnt der Erfolg von Zucchero Fornaciari.&#13;\nPepi Morgia, ein eifriger Besucher des Piccadilly Hotels, erweitert unseren Kundenkreis, indem er unvergessliche Momente schafft. Als wichtigster Lichtdesigner der damaligen Zeit nehmen wir an den Dienstleistungen teil, die er f\u00fcr seine Produktionen anbietet.&#13;\nGeboren 1984 &#8222;Cose di musica&#8220; und immer durch Bruno Sconocchia empfangen wir die K\u00fcnstler (danke Monica, du warst eine unglaubliche Koordinatorin!).&#13;\nDie Atmosph\u00e4re wird sehr warm mit der Ankunft von Ivano Fossati unter der Kundschaft, der mit seinem gro\u00dfen Gefolge genuesischer Musiker, die mit Fabrizio verbunden sind, die Bedeutung des Hotels in den Vordergrund r\u00fcckt.<\/p>\n\n<p>Ich danke allen, die mir ein Zuhause, ein Hotel, meinen Stolz und meine Musik geschaffen haben, die ich nie vergessen werde, dass ich gelebt habe.&#13;\nIch beginne mit dem gr\u00f6\u00dften italienischen Pianisten Gilberto Martellieri, seit Jahren Pianist von Mia Martini und noch vor Ornella Vanoni, Ivano Fossati, De Andr\u00e8 und Loredana Bert\u00e8.&#13;\nKeiner von uns, damals Jungen der 70er und 80er Jahre, kann sagen, dass wir Gibo nicht geliebt haben, sein Klavier und seine H\u00e4nde haben den Atem vieler Italiener erkannt. Die verr\u00fcckten Abende mit ihm waren Geschichte, ich werde diese Nacht nie vergessen, in der wir bei meiner Mutter Fernanda schliefen, weil das Hotel voll war und ich dich fand, als du um drei Uhr morgens mit ihr essen warst.&#13;\nMauro Culotta, der gro\u00dfe Gitarrist der historischen Gruppe Gens (immer mit der Gruppe De Andr\u00e8 verbunden) und sein historischer Freund Beppe Quirici, ausgezeichnet vom Club Tenco.&#13;\nDie Handwerker, die vorbeikamen und uns nach Hause brachten, Francesco Penolazzi, der gro\u00dfe und gefragte Tontechniker, der die ber\u00fchmten Fender-Gitarren modifizierte und personalisierte, Lino Fiocco und seine Agentur, die uns zur Zusammenarbeit mit Claudio Trottas Firma Barley Arts bringt. Viele der K\u00fcnstler, die sich in diesen Jahren am Piccadilly aufhielten, hatten ihre Tourneen Barley Arts anvertraut.&#13;\nIch m\u00f6chte einer weiteren pers\u00f6nlichen und historischen Freundin des Hotels danken, der grossen Gianna Nannini, die noch am Anfang ihrer europ\u00e4ischen Karriere mit ihrer damaligen Gruppe von Claudio Cattafesta und anderen Schweizer Freunden steht.&#13;\nDer Schweizer Manager Peter Zumsteg und die daraus resultierende Zusammenarbeit mit Cose di Musica.&#13;\nImmer aus der gleichen musikalischen Entourage andere Musiker, die aus dem gleichen Kreis &#8222;De Andr\u00e8&#8220; kamen:&#13;\nGuido Guglielminetti, Marvin Johnson, Aida Cooper, Claudio Pascoli (die wahre Nummer eins unter den italienischen Saxophonen), die zusammen mit Martellieri und Beppe Quirici von Ivano Fossati Loredana Bert\u00e8 f\u00fcr ihre Tournee 1983 vorgeschlagen wurden.&#13;\nIm selben Jahr kamen fast alle dieser K\u00fcnstlergruppe mit der K\u00fcnstlerin in Kontakt, die mein Hotel gro\u00df gemacht hat, Mia Martini, die diese Gruppe mit unendlichem Charme auf eine Tournee durch italienische Theater mit verheerendem Erfolg f\u00fchrte.&#13;\nAuch andere Namen wie Umberto Bindi besuchten das Hotel f\u00fcr kurze Zeit, aber die gr\u00f6\u00dfere Pr\u00e4senz war immer auf alles zur\u00fcckzuf\u00fchren, was durch das Teatro Smeraldo, das meinem Freund Gianmario geh\u00f6rte, und das Teatro Nuovo in San Babila, das damals von Sauro Pari geleitet wurde, ging.&#13;\nAll dies zu schreiben ist wie einen Roman \u00fcber das Leben zu schreiben und sich an all diese M\u00e4nner zu erinnern, erf\u00fcllt Ihr Herz mit Freude.&#13;\nStellen Sie sich vor, eines Abends rief mich ein M\u00e4dchen an der Hotelrezeption an und sagte mir, sie k\u00f6nne keine Rechnung stellen, weil die Emotionen zu stark seien, die Rechnung sei f\u00fcr Sottotono und die Kreditkarte f\u00fcr die Belastung sei f\u00fcr Giulio Repetti, alias Mogol.<\/p>\n\n<p>W\u00e4hrend der Ausarbeitung der Rechnung bat er mich um eine Fahrt nach Alcatraz, einem bekannten Mail\u00e4nder Restaurant in der Gegend, und w\u00e4hrend der Reise sprachen wir \u00fcber diese 30 Jahre Hotelleben. Er h\u00f6rte mir aufmerksam zu, und ich erkl\u00e4rte ihm, dass ich das Hotel verkaufe und dass ich das Gef\u00fchl h\u00e4tte, all die Menschen, die es besitzen und nutzen, zu verraten, indem ich eines ihrer vielen H\u00e4user, manchmal das echte und einzigartige, wegnehme.&#13;\nMogol mit einer milden Luft sagte &lt;&lt;Erminio, der Traum, Ihre Kinder Chiara und Annalisa am Gardasee leben zu lassen, ist schwierig und wird eine gro\u00dfe Anstrengung erfordern, aber was wir hier lebten, war nicht nur ein Hotel, sondern unser Zuhause, und hier wurden die Notizen geboren, die nie geschrieben wurden, so dass sie nur in unseren Herzen bleiben werden, verwirklichen Sie Ihren Traum, und wir werden verstehen&gt;&gt;.&#13;\n&#13;\nMogol hatte Recht, das Mail\u00e4nder Haus der Musik hatte aufgeh\u00f6rt zu existieren, die wirkliche Ursache f\u00fcr all dies war, wie nun bekannt war, der Verlust von Mim\u00ec und sp\u00e4ter das Verschwinden von De Andre&#8216;.&#13;\n&#13;\nIch m\u00f6chte mich bei den vielen K\u00fcnstlern entschuldigen, die auf dieser Seite nicht aufgelistet sind und erinnere mich nicht f\u00fcr die Faulheit, sondern f\u00fcr die Unm\u00f6glichkeit, ihnen alles zu erz\u00e4hlen; gleichzeitig m\u00f6chte ich mich bei allen meinen Mitarbeitern bedanken, die mir jahrelang geholfen und all dies m\u00f6glich gemacht haben (81 Personen in 26 Jahren).&#13;\n&#13;\nEinen besonderen Dank schulde ich einem Freund, der am Ende dieser Periode 2001 das Piccadilly Hotel in Mailand kaufte und es in eine luxuri\u00f6se Realit\u00e4t verwandelte, heute ein Hotel der Holiday Inn-Kette, Roberto Ciapparelli. Er wusste, was er kaufte, aber vor allem wusste er, dass ich dort nicht bleiben konnte, denn mein Traum war der Gardasee.&#13;\nWenn Sie nicht akzeptieren, dass ein Sonnenuntergang bevorsteht, m\u00fcssen Sie den Tag davor unterbrechen, um einen neuen Sonnenaufgang zu erleben. Oft ist es schmerzhaft und es scheint unm\u00f6glich, aber wir wissen, wozu wir f\u00e4hig waren.&#13;\nAls wir unterschrieben, haben wir viel geweint und uns umarmt. Nochmals vielen Dank Barrakuda!<\/p>\n\n<p>Zu Fernanda, meiner Mutter, sage ich: Sei nicht eifers\u00fcchtiger auf den ruinierten Sessel, auf dem Mim\u00ec sa\u00df, dort im Paradies gibt es viele Sessel, und die Worte deiner Musik werden niemals in den Schubladen unserer Herzen landen.<\/p>\n\n<p><strong>Diese Seite wurde von mir pers\u00f6nlich verfasst und herausgegeben und ist dem Gedenken an Maurizio Marsich gewidmet, dem Freund, den viele gerne gehabt h\u00e4tten.<\/strong>&#13;\n&#13;\nVerbot der Reproduktion, auch teilweise, der hinterlegten Texte\/Rechte &#8211; www.adriaresort.it &#8211; 2010<\/p>\n\n<p><\/p>\n\n<p>Erminio Binda\/ PICCADILLY HOTEL MILANO \/ 1975-2001 \/<\/p>\n","protected":false},"excerpt":{"rendered":"Die Urspr\u00fcnge meiner Leidenschaft f\u00fcr dieses Handwerk. Diese Leidenschaft wurde geboren, seit ich ein Junge war, als meine Familie in Mailand im Garibaldi-Viertel ein Hotel hatte, das Piccadilly Hotel, ein einfaches Drei-Sterne-Hotel mit enormen Ausma\u00dfen (140 Zimmer) im Stadtzentrum.&#13; Die meisten Kunden werden sich an die Gebr\u00fcder Arrigo, Roberto und Vittorio Binda als Eigent\u00fcmer sowie&#8230; <a class=\"view-article\" href=\"https:\/\/www.adriaresort.it\/de\/unsere-geschichte\/\">Artikel ansehen<\/a>","protected":false},"author":1,"featured_media":1899,"parent":0,"menu_order":0,"comment_status":"closed","ping_status":"closed","template":"","meta":{"_acf_changed":false,"footnotes":""},"acf":[],"_links":{"self":[{"href":"https:\/\/www.adriaresort.it\/de\/wp-json\/wp\/v2\/pages\/1768"}],"collection":[{"href":"https:\/\/www.adriaresort.it\/de\/wp-json\/wp\/v2\/pages"}],"about":[{"href":"https:\/\/www.adriaresort.it\/de\/wp-json\/wp\/v2\/types\/page"}],"author":[{"embeddable":true,"href":"https:\/\/www.adriaresort.it\/de\/wp-json\/wp\/v2\/users\/1"}],"replies":[{"embeddable":true,"href":"https:\/\/www.adriaresort.it\/de\/wp-json\/wp\/v2\/comments?post=1768"}],"version-history":[{"count":1,"href":"https:\/\/www.adriaresort.it\/de\/wp-json\/wp\/v2\/pages\/1768\/revisions"}],"predecessor-version":[{"id":1769,"href":"https:\/\/www.adriaresort.it\/de\/wp-json\/wp\/v2\/pages\/1768\/revisions\/1769"}],"wp:featuredmedia":[{"embeddable":true,"href":"https:\/\/www.adriaresort.it\/de\/wp-json\/wp\/v2\/media\/1899"}],"wp:attachment":[{"href":"https:\/\/www.adriaresort.it\/de\/wp-json\/wp\/v2\/media?parent=1768"}],"curies":[{"name":"wp","href":"https:\/\/api.w.org\/{rel}","templated":true}]}}